{"id":2672,"date":"2021-01-19T18:23:57","date_gmt":"2021-01-19T17:23:57","guid":{"rendered":"http:\/\/web913.webbox240.server-home.org\/kbuk2020\/?page_id=2672"},"modified":"2026-04-30T10:25:35","modified_gmt":"2026-04-30T08:25:35","slug":"impressum","status":"publish","type":"page","link":"http:\/\/kugelbauch-und-knirpse.de\/en\/impressum\/","title":{"rendered":"Imprint"},"content":{"rendered":"<div data-elementor-type=\"wp-page\" data-elementor-id=\"2672\" class=\"elementor elementor-2672\" data-elementor-post-type=\"page\">\n\t\t\t\t<div class=\"elementor-element elementor-element-07f9253 e-flex e-con-boxed e-con e-parent\" data-id=\"07f9253\" data-element_type=\"container\" data-e-type=\"container\" data-settings=\"{&quot;background_background&quot;:&quot;classic&quot;}\">\n\t\t\t\t\t<div class=\"e-con-inner\">\n\t\t<div class=\"elementor-element elementor-element-76a9363 e-con-full e-flex e-con e-child\" data-id=\"76a9363\" data-element_type=\"container\" data-e-type=\"container\" data-settings=\"{&quot;background_background&quot;:&quot;classic&quot;}\">\n\t\t\t\t<div class=\"elementor-element elementor-element-c377636 elementor-widget elementor-widget-text-editor\" data-id=\"c377636\" data-element_type=\"widget\" data-e-type=\"widget\" data-widget_type=\"text-editor.default\">\n\t\t\t\t<div class=\"elementor-widget-container\">\n\t\t\t\t\t\t\t\t\t<h1>Imprint<\/h1><p>Kugelbauch &amp; Knirpse Fotografie is a registered trademark of:<\/p><p class=\"translation-block\">Carsten Seibt\nCube Studios \u2013 Media Production\nWaldstra\u00dfe 55\n04105 Leipzig\nGermany<\/p><p>esponsible for content: Denise Seibt<\/p><p class=\"translation-block\">Phone: +49 341 24805447\nEmail: denise.seibt@kugelbauch-und-knirpse.de<\/p><p><strong>Image Rights<\/strong><br \/>Denise Seibt<\/p><h2>Notice in accordance with the Online Dispute Resolution Regulation<\/h2><p>Under applicable law, we are obliged to inform consumers of the existence of the European Online Dispute Resolution (ODR) platform, which can be used to resolve disputes without involving a court of law. The European Commission is responsible for establishing this platform.<\/p><p>The European Online Dispute Resolution platform can be accessed at:\nhttp:\/\/ec.europa.eu\/odr\n\nOur email address is: info@kugelbauch-und-knirpse.de\n\nHowever, please note that we are neither willing nor obliged to participate in dispute resolution proceedings before a consumer arbitration board. For any inquiries, please contact us directly using the email address or phone number provided above.<\/p><h2>Disclaimer \u2013 Legal Notice<\/h2><p>\u00a7 1 Warning regarding content<br \/>The free and publicly accessible content on this website has been created with the greatest possible care. However, the provider of this website does not guarantee the accuracy, completeness, or timeliness of the content provided.\n\nArticles identified by name reflect the opinion of the respective author and do not necessarily represent the opinion of the provider.\n\nAccessing the free and publicly available content does not establish any contractual relationship between the user and the provider.<\/p><p>\u00a7 2 External Links<br \/>This website contains links to external third-party websites (\"external links\"). These websites are subject to the liability of their respective operators.\n\nAt the time of linking, the provider checked the external content for possible legal violations. No illegal content was identifiable at that time.\n\nThe provider has no influence on the current or future design or content of the linked pages. The inclusion of external links does not imply that the provider adopts the content behind the reference or link.\n\nContinuous monitoring of external links is not reasonable without concrete evidence of legal violations. Upon becoming aware of any such violations, these links will be removed immediately.<\/p><p>\u00a7 3 Copyright and Related Rights<br \/>The content published on this website is subject to German copyright and related rights law.\n\nAny use not permitted by German copyright law requires the prior written consent of the provider or the respective rights holder. This applies in particular to reproduction, editing, translation, storage, processing, or reproduction of content in databases or other electronic media and systems.\n\nContent and rights of third parties are marked as such.\n\nUnauthorized reproduction or distribution of individual contents or complete pages is not permitted and is punishable by law.\n\nOnly the creation of copies and downloads for personal, private, and non-commercial use is permitted.<\/p><p>The display of this website in external frames is only permitted with written authorization.<\/p><p>\u00a7 4 Special Terms of Use<br \/>Where special conditions for individual uses of this website deviate from the aforementioned sections, explicit reference will be made at the appropriate point. In such cases, the special terms of use shall apply in each individual case.<\/p><p>Source: juraforum.de<\/p>\t\t\t\t\t\t\t\t<\/div>\n\t\t\t\t<\/div>\n\t\t\t\t<\/div>\n\t\t\t\t\t<\/div>\n\t\t\t\t<\/div>\n\t\t\t\t<\/div>","protected":false},"excerpt":{"rendered":"<p>Impressum Kugelbauch &amp; Knirpse Fotografie ist eine eingetragen Marke von: Carsten SeibtCube Studios &#8211; MedienproduktionWaldstra\u00dfe 5504105 Leipzig Inhaltlich verantwortlich: Denise Seibt Telefon: +49 341 24805447E-Mail: denise.seibt@kugelbauch-und-knirpse.de Bildrechte:Denise Seibt Hinweis gem\u00e4\u00df Online-Streitbeilegungs-Verordnung Nach geltendem Recht sind wir verpflichtet, Verbraucher auf die Existenz der Europ\u00e4ischen Online-Streitbeilegungs-Plattform hinzuweisen, die f\u00fcr die Beilegung von Streitigkeiten genutzt werden kann, ohne [&hellip;]<\/p>\n","protected":false},"author":1,"featured_media":0,"parent":0,"menu_order":0,"comment_status":"closed","ping_status":"closed","template":"","meta":{"_acf_changed":false,"footnotes":""},"class_list":["post-2672","page","type-page","status-publish","hentry"],"acf":[],"_links":{"self":[{"href":"http:\/\/kugelbauch-und-knirpse.de\/en\/wp-json\/wp\/v2\/pages\/2672","targetHints":{"allow":["GET"]}}],"collection":[{"href":"http:\/\/kugelbauch-und-knirpse.de\/en\/wp-json\/wp\/v2\/pages"}],"about":[{"href":"http:\/\/kugelbauch-und-knirpse.de\/en\/wp-json\/wp\/v2\/types\/page"}],"author":[{"embeddable":true,"href":"http:\/\/kugelbauch-und-knirpse.de\/en\/wp-json\/wp\/v2\/users\/1"}],"replies":[{"embeddable":true,"href":"http:\/\/kugelbauch-und-knirpse.de\/en\/wp-json\/wp\/v2\/comments?post=2672"}],"version-history":[{"count":68,"href":"http:\/\/kugelbauch-und-knirpse.de\/en\/wp-json\/wp\/v2\/pages\/2672\/revisions"}],"predecessor-version":[{"id":12624,"href":"http:\/\/kugelbauch-und-knirpse.de\/en\/wp-json\/wp\/v2\/pages\/2672\/revisions\/12624"}],"wp:attachment":[{"href":"http:\/\/kugelbauch-und-knirpse.de\/en\/wp-json\/wp\/v2\/media?parent=2672"}],"curies":[{"name":"wp","href":"https:\/\/api.w.org\/{rel}","templated":true}]}}